{"id":278,"date":"2024-11-11T04:29:25","date_gmt":"2024-11-11T03:29:25","guid":{"rendered":"https:\/\/notitia-ip.com\/website\/?page_id=278"},"modified":"2024-11-11T04:48:46","modified_gmt":"2024-11-11T03:48:46","slug":"public-cible","status":"publish","type":"page","link":"https:\/\/notitia-ip.com\/website\/public-cible\/","title":{"rendered":"Un spectre large d&rsquo;utilisation"},"content":{"rendered":"\n<p class=\"has-text-align-center\">L&rsquo;application est con\u00e7ue pour r\u00e9pondre aux besoins d&rsquo;un large \u00e9ventail d&rsquo;utilisateurs impliqu\u00e9s dans les enqu\u00eates OSINT (Open Source Intelligence).<\/p>\n\n\n\n<div class=\"wp-block-group is-nowrap is-layout-flex wp-container-core-group-is-layout-64989fb1 wp-block-group-is-layout-flex\">\n<figure class=\"wp-block-table is-style-stripes wp-container-content-9cfa9a5a\" style=\"font-size:17px\"><table><tbody><tr><td>\ud83d\udc6e <strong>Renseignement et forces de l&rsquo;ordre<\/strong><br>Un outil avanc\u00e9 pour les enqu\u00eates criminelles et de s\u00e9curit\u00e9, ainsi que pour la lutte contre la cybercriminalit\u00e9, con\u00e7u pour faciliter le travail des forces de l&rsquo;ordre et services r\u00e9galiens.<\/td><td>\ud83d\udd0d <strong>Investigateurs et cellules anti-fraude<\/strong><br>Logiciel professionnel cl\u00e9 en main de collecte, d&rsquo;analyse et de visualisation des donn\u00e9es, am\u00e9liorant ainsi les enqu\u00eates dans tous les domaines.<\/td><\/tr><tr><td>\ud83d\udcc8 <strong>Analyste Intelligence Economique<\/strong><br>Fournit aux professionnels de l&rsquo;intelligence \u00e9conomique des outils avanc\u00e9s pour am\u00e9liorer la prise de d\u00e9cision strat\u00e9gique et l&rsquo;\u00e9valuation des risques.<\/td><td>\ud83d\uddde\ufe0f <strong>Journalistes<\/strong><br>Facilite la collecte d&rsquo;informations, l&rsquo;analyse et la pr\u00e9sentation attrayante de donn\u00e9es complexes pour l&rsquo;\u00e9tablissement de rapports pr\u00e9cis.<\/td><\/tr><tr><td>\ud83d\udd12 <strong>Professionnels de la s\u00e9curit\u00e9<\/strong><br>Aide \u00e0 la surveillance des menaces, au suivi des activit\u00e9s malveillantes et \u00e0 l&rsquo;att\u00e9nuation des risques gr\u00e2ce \u00e0 des informations exploitables.<\/td><td>\u2696\ufe0f <strong>ONG, agences anti-corruption<\/strong><br>Permet d&rsquo;obtenir des informations, des \u00e9tudes de tendances et un soutien \u00e0 la recherche gr\u00e2ce \u00e0 des capacit\u00e9s compl\u00e8tes d&rsquo;analyse et de visualisation des donn\u00e9es.<\/td><\/tr><\/tbody><\/table><\/figure>\n<\/div>\n\n\n\n<p><\/p>\n","protected":false},"excerpt":{"rendered":"<p>L&rsquo;application est con\u00e7ue pour r\u00e9pondre aux besoins d&rsquo;un large \u00e9ventail d&rsquo;utilisateurs impliqu\u00e9s dans les enqu\u00eates OSINT (Open Source Intelligence). \ud83d\udc6e Renseignement et forces de l&rsquo;ordreUn outil avanc\u00e9 pour les enqu\u00eates criminelles et de s\u00e9curit\u00e9, ainsi que pour la lutte contre la cybercriminalit\u00e9, con\u00e7u pour faciliter le travail des forces de l&rsquo;ordre et services r\u00e9galiens. \ud83d\udd0d &hellip; <\/p>\n","protected":false},"author":1,"featured_media":0,"parent":0,"menu_order":0,"comment_status":"closed","ping_status":"closed","template":"","meta":{"footnotes":""},"class_list":["post-278","page","type-page","status-publish","hentry"],"_links":{"self":[{"href":"https:\/\/notitia-ip.com\/website\/wp-json\/wp\/v2\/pages\/278","targetHints":{"allow":["GET"]}}],"collection":[{"href":"https:\/\/notitia-ip.com\/website\/wp-json\/wp\/v2\/pages"}],"about":[{"href":"https:\/\/notitia-ip.com\/website\/wp-json\/wp\/v2\/types\/page"}],"author":[{"embeddable":true,"href":"https:\/\/notitia-ip.com\/website\/wp-json\/wp\/v2\/users\/1"}],"replies":[{"embeddable":true,"href":"https:\/\/notitia-ip.com\/website\/wp-json\/wp\/v2\/comments?post=278"}],"version-history":[{"count":7,"href":"https:\/\/notitia-ip.com\/website\/wp-json\/wp\/v2\/pages\/278\/revisions"}],"predecessor-version":[{"id":289,"href":"https:\/\/notitia-ip.com\/website\/wp-json\/wp\/v2\/pages\/278\/revisions\/289"}],"wp:attachment":[{"href":"https:\/\/notitia-ip.com\/website\/wp-json\/wp\/v2\/media?parent=278"}],"curies":[{"name":"wp","href":"https:\/\/api.w.org\/{rel}","templated":true}]}}