{"id":114,"date":"2024-07-30T01:46:12","date_gmt":"2024-07-29T23:46:12","guid":{"rendered":"https:\/\/notitia-ip.com\/website\/?post_type=product&#038;p=114"},"modified":"2024-08-07T02:56:51","modified_gmt":"2024-08-07T00:56:51","slug":"complete-osint","status":"publish","type":"product","link":"https:\/\/notitia-ip.com\/website\/produit\/complete-osint\/","title":{"rendered":"complete OSINT"},"content":{"rendered":"<p>Un OSINT complet sur la base d&rsquo;\u00e9l\u00e9ments donn\u00e9s.<\/p>\n","protected":false},"excerpt":{"rendered":"<p>Un OSINT complet sur la base d&rsquo;\u00e9l\u00e9ments donn\u00e9s.<\/p>\n","protected":false},"featured_media":115,"comment_status":"open","ping_status":"closed","template":"","meta":[],"product_cat":[19],"product_tag":[],"class_list":{"0":"post-114","1":"product","2":"type-product","3":"status-publish","4":"has-post-thumbnail","6":"product_cat-notileaks","8":"first","9":"instock","10":"virtual","11":"purchasable","12":"product-type-simple"},"_links":{"self":[{"href":"https:\/\/notitia-ip.com\/website\/wp-json\/wp\/v2\/product\/114","targetHints":{"allow":["GET"]}}],"collection":[{"href":"https:\/\/notitia-ip.com\/website\/wp-json\/wp\/v2\/product"}],"about":[{"href":"https:\/\/notitia-ip.com\/website\/wp-json\/wp\/v2\/types\/product"}],"replies":[{"embeddable":true,"href":"https:\/\/notitia-ip.com\/website\/wp-json\/wp\/v2\/comments?post=114"}],"wp:featuredmedia":[{"embeddable":true,"href":"https:\/\/notitia-ip.com\/website\/wp-json\/wp\/v2\/media\/115"}],"wp:attachment":[{"href":"https:\/\/notitia-ip.com\/website\/wp-json\/wp\/v2\/media?parent=114"}],"wp:term":[{"taxonomy":"product_cat","embeddable":true,"href":"https:\/\/notitia-ip.com\/website\/wp-json\/wp\/v2\/product_cat?post=114"},{"taxonomy":"product_tag","embeddable":true,"href":"https:\/\/notitia-ip.com\/website\/wp-json\/wp\/v2\/product_tag?post=114"}],"curies":[{"name":"wp","href":"https:\/\/api.w.org\/{rel}","templated":true}]}}