{"id":99,"date":"2024-07-30T00:31:00","date_gmt":"2024-07-29T22:31:00","guid":{"rendered":"https:\/\/notitia-ip.com\/website\/?post_type=product&#038;p=99"},"modified":"2024-08-07T02:41:17","modified_gmt":"2024-08-07T00:41:17","slug":"notileaks-phone-number","status":"publish","type":"product","link":"https:\/\/notitia-ip.com\/website\/produit\/notileaks-phone-number\/","title":{"rendered":"Phone Leaks"},"content":{"rendered":"<p>Rechercher par num\u00e9ro de t\u00e9l\u00e9phone.<\/p>\n<div class=\"DoxwDb\">\n<div class=\"PZPZlf ssJ7i xgAzOe\" role=\"heading\" aria-level=\"2\" data-attrid=\"title\">Veuillez penser \u00e0 bien pr\u00e9ciser l&rsquo;indicatif t\u00e9l\u00e9phonique<\/div>\n<\/div>\n<div class=\"r2VLS\">\n<div data-ias=\"false\">\n<div class=\"y1yadf\">\n<div class=\"CcNe6e v4Zpbe\" tabindex=\"0\" role=\"button\" aria-expanded=\"false\" aria-haspopup=\"true\"><\/div>\n<\/div>\n<\/div>\n<\/div>\n","protected":false},"excerpt":{"rendered":"<p>Rechercher par num\u00e9ro de t\u00e9l\u00e9phone. Veuillez penser \u00e0 bien pr\u00e9ciser l&rsquo;indicatif t\u00e9l\u00e9phonique<\/p>\n","protected":false},"featured_media":108,"comment_status":"open","ping_status":"closed","template":"","meta":[],"product_cat":[19],"product_tag":[],"class_list":{"0":"post-99","1":"product","2":"type-product","3":"status-publish","4":"has-post-thumbnail","6":"product_cat-notileaks","8":"first","9":"instock","10":"virtual","11":"sold-individually","12":"purchasable","13":"product-type-simple"},"_links":{"self":[{"href":"https:\/\/notitia-ip.com\/website\/wp-json\/wp\/v2\/product\/99","targetHints":{"allow":["GET"]}}],"collection":[{"href":"https:\/\/notitia-ip.com\/website\/wp-json\/wp\/v2\/product"}],"about":[{"href":"https:\/\/notitia-ip.com\/website\/wp-json\/wp\/v2\/types\/product"}],"replies":[{"embeddable":true,"href":"https:\/\/notitia-ip.com\/website\/wp-json\/wp\/v2\/comments?post=99"}],"wp:featuredmedia":[{"embeddable":true,"href":"https:\/\/notitia-ip.com\/website\/wp-json\/wp\/v2\/media\/108"}],"wp:attachment":[{"href":"https:\/\/notitia-ip.com\/website\/wp-json\/wp\/v2\/media?parent=99"}],"wp:term":[{"taxonomy":"product_cat","embeddable":true,"href":"https:\/\/notitia-ip.com\/website\/wp-json\/wp\/v2\/product_cat?post=99"},{"taxonomy":"product_tag","embeddable":true,"href":"https:\/\/notitia-ip.com\/website\/wp-json\/wp\/v2\/product_tag?post=99"}],"curies":[{"name":"wp","href":"https:\/\/api.w.org\/{rel}","templated":true}]}}